{"id":100,"date":"2024-03-13T18:38:54","date_gmt":"2024-03-13T18:38:54","guid":{"rendered":"https:\/\/safehands.hu\/?page_id=100"},"modified":"2024-11-12T13:00:54","modified_gmt":"2024-11-12T13:00:54","slug":"property-management","status":"publish","type":"page","link":"https:\/\/safehands.hu\/hu\/property-management\/","title":{"rendered":"Ingatlan Kezel\u00e9s"},"content":{"rendered":"<p>[et_pb_section fb_built=&#8221;1&#8243; admin_label=&#8221;Header&#8221; _builder_version=&#8221;4.24.2&#8243; _module_preset=&#8221;default&#8221; use_background_color_gradient=&#8221;on&#8221; background_color_gradient_stops=&#8221;rgba(31,35,44,0.7) 84%|gcid-9fa4a1b6-767d-41ca-984c-a6f10449c843 100%&#8221; background_color_gradient_overlays_image=&#8221;on&#8221; background_image=&#8221;https:\/\/safehands.hu\/wp-content\/uploads\/2024\/03\/026_180.jpg&#8221; custom_margin=&#8221;||-5px|||&#8221; locked=&#8221;off&#8221; collapsed=&#8221;on&#8221; global_colors_info=&#8221;{%22gcid-9fa4a1b6-767d-41ca-984c-a6f10449c843%22:%91%22background_color_gradient_stops%22%93}&#8221;][et_pb_row _builder_version=&#8221;4.20.0&#8243; _module_preset=&#8221;default&#8221; global_colors_info=&#8221;{}&#8221;][et_pb_column type=&#8221;4_4&#8243; _builder_version=&#8221;4.20.0&#8243; _module_preset=&#8221;default&#8221; global_colors_info=&#8221;{}&#8221;][et_pb_text _builder_version=&#8221;4.24.3&#8243; _module_preset=&#8221;7a62dfe3-73f7-4feb-b36c-2485b83bcdba&#8221; header_4_text_color=&#8221;gcid-2f3f3e09-0a26-4ea7-8906-5e1128945e3f&#8221; text_orientation=&#8221;center&#8221; custom_margin=&#8221;||10px||false|false&#8221; global_colors_info=&#8221;{%22gcid-2f3f3e09-0a26-4ea7-8906-5e1128945e3f%22:%91%22header_4_text_color%22%93}&#8221;]<\/p>\n<h4>Szolg\u00e1ltat\u00e1sok<\/h4>\n<p>[\/et_pb_text][et_pb_image src=&#8221;https:\/\/safehands.hu\/wp-content\/uploads\/2024\/03\/attorney-1.png&#8221; title_text=&#8221;attorney-1&#8243; _builder_version=&#8221;4.20.0&#8243; _module_preset=&#8221;default&#8221; max_width=&#8221;130px&#8221; module_alignment=&#8221;center&#8221; global_colors_info=&#8221;{}&#8221;][\/et_pb_image][et_pb_text _builder_version=&#8221;4.24.3&#8243; _module_preset=&#8221;ec4c2ff5-ceab-4dd7-9964-16b98db1d4e7&#8243; header_text_color=&#8221;gcid-11d3dbbb-f6dc-4fb8-929b-9d6994368d00&#8243; text_orientation=&#8221;center&#8221; global_colors_info=&#8221;{%22gcid-11d3dbbb-f6dc-4fb8-929b-9d6994368d00%22:%91%22header_text_color%22%93}&#8221;]<\/p>\n<h1>Ingatlan Kezel\u00e9s<\/h1>\n<p>[\/et_pb_text][\/et_pb_column][\/et_pb_row][\/et_pb_section][et_pb_section fb_built=&#8221;1&#8243; admin_label=&#8221;Service Info&#8221; _builder_version=&#8221;4.20.0&#8243; _module_preset=&#8221;default&#8221; background_color=&#8221;gcid-9fa4a1b6-767d-41ca-984c-a6f10449c843&#8243; collapsed=&#8221;on&#8221; global_colors_info=&#8221;{%22gcid-9fa4a1b6-767d-41ca-984c-a6f10449c843%22:%91%22background_color%22%93}&#8221;][et_pb_row custom_padding_last_edited=&#8221;on|desktop&#8221; _builder_version=&#8221;4.24.3&#8243; _module_preset=&#8221;default&#8221; custom_padding=&#8221;30px|15px|30px|15px|true|true&#8221; custom_padding_tablet=&#8221;|40px||40px|false|true&#8221; custom_padding_phone=&#8221;20px|20px|20px|20px|true|true&#8221; border_color_all=&#8221;gcid-11d3dbbb-f6dc-4fb8-929b-9d6994368d00&#8243; border_width_left=&#8221;5px&#8221; global_colors_info=&#8221;{%22gcid-11d3dbbb-f6dc-4fb8-929b-9d6994368d00%22:%91%22border_color_all%22%93}&#8221;][et_pb_column type=&#8221;4_4&#8243; _builder_version=&#8221;4.20.0&#8243; _module_preset=&#8221;default&#8221; global_colors_info=&#8221;{}&#8221;][et_pb_text _builder_version=&#8221;4.24.3&#8243; _module_preset=&#8221;66e00402-31b0-43a6-885f-20f77dafa02d&#8221; header_3_text_color=&#8221;gcid-11d3dbbb-f6dc-4fb8-929b-9d6994368d00&#8243; global_colors_info=&#8221;{%22gcid-11d3dbbb-f6dc-4fb8-929b-9d6994368d00%22:%91%22header_3_text_color%22%93}&#8221;]<\/p>\n<h3>Kezel\u00e9s<\/h3>\n<p>[\/et_pb_text][et_pb_text _builder_version=&#8221;4.25.1&#8243; _module_preset=&#8221;27df5ced-fe15-4cc8-b271-98e94805bce1&#8243; text_text_color=&#8221;#FFFFFF&#8221; global_colors_info=&#8221;{}&#8221;]<\/p>\n<p>Csapatunk gyakorlati ingatlankezel\u00e9si szolg\u00e1ltat\u00e1sokat ny\u00fajt. M\u00e9rett\u0151l f\u00fcggetlen\u00fcl r\u00e1nk\nb\u00edzhatja ingatlana kezel\u00e9s\u00e9t. Mi elv\u00e9gezz\u00fck \u00d6n helyett a teend\u0151ket, mik\u00f6zben mindig\nnaprak\u00e9sz inform\u00e1ci\u00f3val szolg\u00e1lunk lak\u00e1s\u00e1val kapcsolatban.<\/p>\n<p>Ak\u00e1r egy ingatlanr\u00f3l van sz\u00f3, ak\u00e1r a teljes portf\u00f3li\u00f3 kezel\u00e9s\u00e9r\u0151l, <a href=\"https:\/\/safehands.hu\/hu\/contact\/\"><strong>forduljon hozz\u00e1nk<\/strong><\/a> bizalommal, hogy elk\u00e9sz\u00edthess\u00fck szem\u00e9lyre szabott aj\u00e1nlatunkat.\n\u00d6r\u00f6mmel \u00e1llunk rendelkez\u00e9sre.<\/p>\n<p>[\/et_pb_text][\/et_pb_column][\/et_pb_row][et_pb_row column_structure=&#8221;1_4,3_4&#8243; _builder_version=&#8221;4.24.2&#8243; _module_preset=&#8221;default&#8221; custom_padding=&#8221;|||15px||&#8221; global_colors_info=&#8221;{}&#8221;][et_pb_column type=&#8221;1_4&#8243; _builder_version=&#8221;4.20.0&#8243; _module_preset=&#8221;default&#8221; global_colors_info=&#8221;{}&#8221;][et_pb_text _builder_version=&#8221;4.24.3&#8243; _module_preset=&#8221;f1eab74f-d838-4337-b91b-41f6ef03e3ca&#8221; global_colors_info=&#8221;{%22gcid-11d3dbbb-f6dc-4fb8-929b-9d6994368d00%22:%91%22header_4_text_color%22%93}&#8221;]<\/p>\n<h4>amit k\u00edn\u00e1lunk<\/h4>\n<p>[\/et_pb_text][\/et_pb_column][et_pb_column type=&#8221;3_4&#8243; _builder_version=&#8221;4.20.0&#8243; _module_preset=&#8221;default&#8221; global_colors_info=&#8221;{}&#8221;][et_pb_blurb title=&#8221;\u2022\tRent Collection&#8221; use_icon=&#8221;on&#8221; font_icon=&#8221;&#x4e;||divi||400&#8243; _builder_version=&#8221;4.24.2&#8243; _module_preset=&#8221;c19cde31-7a34-4335-a829-dd04daf02233&#8243; header_font_size=&#8221;20px&#8221; custom_margin=&#8221;||20px||false|false&#8221; locked=&#8221;off&#8221; global_colors_info=&#8221;{}&#8221;][\/et_pb_blurb][et_pb_text _builder_version=&#8221;4.24.2&#8243; _module_preset=&#8221;default&#8221; text_text_color=&#8221;#FFFFFF&#8221; text_font_size=&#8221;18px&#8221; global_colors_info=&#8221;{}&#8221;]<\/p>\n<p><em>Beszedj\u00fck \u00d6nnek a b\u00e9rleti d\u00edjat, amennyiben sz\u00fcks\u00e9ges, elv\u00e9gezz\u00fck a sz\u00fcks\u00e9ges\nlevon\u00e1sokat \u00e9s minden h\u00f3nap ugyanazon a napj\u00e1n elk\u00fcldj\u00fck \u00d6nnek a b\u00e9rleti d\u00edjb\u00f3l sz\u00e1rmaz\u00f3\nbev\u00e9tel\u00e9t.<\/em><\/p>\n<p>[\/et_pb_text][et_pb_blurb title=&#8221;\u2022\tSecure Key&#8221; use_icon=&#8221;on&#8221; font_icon=&#8221;&#x4e;||divi||400&#8243; _builder_version=&#8221;4.24.2&#8243; _module_preset=&#8221;c19cde31-7a34-4335-a829-dd04daf02233&#8243; header_font_size=&#8221;20px&#8221; body_font_size=&#8221;17px&#8221; custom_margin=&#8221;||20px||false|false&#8221; locked=&#8221;off&#8221; global_colors_info=&#8221;{}&#8221;][\/et_pb_blurb][et_pb_text _builder_version=&#8221;4.24.2&#8243; _module_preset=&#8221;default&#8221; text_text_color=&#8221;#FFFFFF&#8221; text_font_size=&#8221;18px&#8221; global_colors_info=&#8221;{}&#8221;]<\/p>\n<p><em>Rendszeresen ellen\u0151rizz\u00fck az ingatlant, hogy minden a lehet\u0151 legz\u00f6kken\u0151mentesebben\nm\u0171k\u00f6dj\u00f6n.<\/em><\/p>\n<p>[\/et_pb_text][et_pb_blurb title=&#8221;\u2022\tRegular Inspections&#8221; use_icon=&#8221;on&#8221; font_icon=&#8221;&#x4e;||divi||400&#8243; _builder_version=&#8221;4.24.2&#8243; _module_preset=&#8221;c19cde31-7a34-4335-a829-dd04daf02233&#8243; header_font_size=&#8221;20px&#8221; custom_margin=&#8221;||20px||false|false&#8221; locked=&#8221;off&#8221; global_colors_info=&#8221;{}&#8221;][\/et_pb_blurb][et_pb_text _builder_version=&#8221;4.24.2&#8243; _module_preset=&#8221;default&#8221; text_text_color=&#8221;#FFFFFF&#8221; text_font_size=&#8221;18px&#8221; global_colors_info=&#8221;{}&#8221;]<\/p>\n<p><em>Mi magunk is v\u00e9gz\u00fcnk ingatlank\u00f6zvet\u00edt\u0151i tev\u00e9kenys\u00e9get \u00e9s m\u00e1s megb\u00edzhat\u00f3\ningatlank\u00f6zvet\u00edt\u0151kkel is egy\u00fctt dolgozunk annak \u00e9rdek\u00e9ben, hogy \u00d6n a legt\u00f6bbet hozza ki\nbefektet\u00e9s\u00e9b\u0151l.<\/em><\/p>\n<p>[\/et_pb_text][et_pb_blurb title=&#8221;\u2022\tOrganising Lettings (Where Required)&#8221; use_icon=&#8221;on&#8221; font_icon=&#8221;&#x4e;||divi||400&#8243; _builder_version=&#8221;4.24.2&#8243; _module_preset=&#8221;c19cde31-7a34-4335-a829-dd04daf02233&#8243; header_font_size=&#8221;20px&#8221; custom_margin=&#8221;||20px||false|false&#8221; locked=&#8221;off&#8221; global_colors_info=&#8221;{}&#8221;][\/et_pb_blurb][et_pb_text _builder_version=&#8221;4.24.2&#8243; _module_preset=&#8221;default&#8221; text_text_color=&#8221;#FFFFFF&#8221; text_font_size=&#8221;18px&#8221; global_colors_info=&#8221;{}&#8221;]<\/p>\n<p><em>Probl\u00e9m\u00e1k n\u00e9ha felmer\u00fclnek, ilyenkor gyorsan kell int\u00e9zkedni. Azonnal megoldjuk a\nkarbantart\u00e1si probl\u00e9m\u00e1kat sz\u00e1mos megb\u00edzhat\u00f3 v\u00e1llalkoz\u00f3nk egyik\u00e9vel.<\/em><\/p>\n<p>[\/et_pb_text][et_pb_blurb title=&#8221;\u2022\tTimely Repairs &#038; Maintenance&#8221; use_icon=&#8221;on&#8221; font_icon=&#8221;&#x4e;||divi||400&#8243; _builder_version=&#8221;4.24.2&#8243; _module_preset=&#8221;c19cde31-7a34-4335-a829-dd04daf02233&#8243; header_font_size=&#8221;20px&#8221; custom_margin=&#8221;||20px||false|false&#8221; locked=&#8221;off&#8221; global_colors_info=&#8221;{}&#8221;][\/et_pb_blurb][et_pb_text _builder_version=&#8221;4.24.2&#8243; _module_preset=&#8221;default&#8221; text_text_color=&#8221;#FFFFFF&#8221; text_font_size=&#8221;18px&#8221; global_colors_info=&#8221;{}&#8221;]<\/p>\n<p><em>Szoros figyelemmel k\u00eds\u00e9rj\u00fck a v\u00e1llalkoz\u00f3k \u00e1ltal az \u00d6n ingatlan\u00e1n v\u00e9gzett munk\u00e1kat, hogy\nazok a lehet\u0151 legmagasabb sz\u00ednvonalon k\u00e9sz\u00fcljenek el.<\/em><\/p>\n<p>[\/et_pb_text][et_pb_blurb title=&#8221;\t\u2022\tLiaison With Contractors&#8221; use_icon=&#8221;on&#8221; font_icon=&#8221;&#x4e;||divi||400&#8243; _builder_version=&#8221;4.24.2&#8243; _module_preset=&#8221;c19cde31-7a34-4335-a829-dd04daf02233&#8243; header_font_size=&#8221;20px&#8221; custom_margin=&#8221;||20px||false|false&#8221; locked=&#8221;off&#8221; global_colors_info=&#8221;{}&#8221;][\/et_pb_blurb][et_pb_text _builder_version=&#8221;4.24.2&#8243; _module_preset=&#8221;default&#8221; text_text_color=&#8221;#FFFFFF&#8221; text_font_size=&#8221;18px&#8221; global_colors_info=&#8221;{}&#8221;]<\/p>\n<p><em>B\u00edzhat benne, hogy n\u00e1lunk biztons\u00e1gban vannak a befektet\u00e9s\u00e9nek kulcsai.<\/em><\/p>\n<p>[\/et_pb_text][\/et_pb_column][\/et_pb_row][et_pb_row column_structure=&#8221;1_2,1_2&#8243; _builder_version=&#8221;4.24.2&#8243; _module_preset=&#8221;default&#8221; global_colors_info=&#8221;{}&#8221;][et_pb_column type=&#8221;1_2&#8243; _builder_version=&#8221;4.20.0&#8243; _module_preset=&#8221;default&#8221; global_colors_info=&#8221;{}&#8221;][et_pb_image src=&#8221;https:\/\/safehands.hu\/wp-content\/uploads\/2024\/03\/IMG_6029_resize.jpg&#8221; title_text=&#8221;IMG_6029_resize&#8221; align=&#8221;center&#8221; force_fullwidth=&#8221;on&#8221; _builder_version=&#8221;4.24.2&#8243; _module_preset=&#8221;default&#8221; global_colors_info=&#8221;{}&#8221;][\/et_pb_image][et_pb_image src=&#8221;https:\/\/safehands.hu\/wp-content\/uploads\/2024\/03\/IMG_6036_resize.jpg&#8221; title_text=&#8221;IMG_6036_resize&#8221; _builder_version=&#8221;4.24.2&#8243; _module_preset=&#8221;default&#8221; custom_padding=&#8221;||4px|||&#8221; global_colors_info=&#8221;{}&#8221;][\/et_pb_image][\/et_pb_column][et_pb_column type=&#8221;1_2&#8243; _builder_version=&#8221;4.20.0&#8243; _module_preset=&#8221;default&#8221; global_colors_info=&#8221;{}&#8221;][et_pb_image src=&#8221;https:\/\/safehands.hu\/wp-content\/uploads\/2024\/03\/image2.jpg&#8221; title_text=&#8221;image2&#8243; _builder_version=&#8221;4.24.2&#8243; _module_preset=&#8221;default&#8221; width=&#8221;97.2%&#8221; min_height=&#8221;547px&#8221; height=&#8221;711px&#8221; custom_margin=&#8221;|-7px||-28px||&#8221; custom_padding=&#8221;|0px|0px|||&#8221; global_colors_info=&#8221;{}&#8221;][\/et_pb_image][\/et_pb_column][\/et_pb_row][\/et_pb_section][et_pb_section fb_built=&#8221;1&#8243; admin_label=&#8221;Footer&#8221; _builder_version=&#8221;4.20.0&#8243; _module_preset=&#8221;default&#8221; use_background_color_gradient=&#8221;on&#8221; background_color_gradient_stops=&#8221;#1e232b 0%|rgba(30,35,43,0.9) 100%&#8221; background_color_gradient_overlays_image=&#8221;on&#8221; background_image=&#8221;https:\/\/safehands.hu\/wp-content\/uploads\/2024\/03\/paper-texture.jpg&#8221; saved_tabs=&#8221;all&#8221; collapsed=&#8221;on&#8221; global_colors_info=&#8221;{}&#8221;][et_pb_row column_structure=&#8221;1_3,1_3,1_3&#8243; _builder_version=&#8221;4.20.0&#8243; _module_preset=&#8221;default&#8221; global_colors_info=&#8221;{}&#8221;][et_pb_column type=&#8221;1_3&#8243; _builder_version=&#8221;4.20.0&#8243; _module_preset=&#8221;default&#8221; global_colors_info=&#8221;{}&#8221;][et_pb_text _builder_version=&#8221;4.20.0&#8243; _module_preset=&#8221;f1eab74f-d838-4337-b91b-41f6ef03e3ca&#8221; text_orientation=&#8221;center&#8221; global_colors_info=&#8221;{%22gcid-11d3dbbb-f6dc-4fb8-929b-9d6994368d00%22:%91%22header_4_text_color%22%93}&#8221;]<\/p>\n<h4>nyitvatart\u00e1s<\/h4>\n<p>[\/et_pb_text][et_pb_text _builder_version=&#8221;4.24.3&#8243; _module_preset=&#8221;27df5ced-fe15-4cc8-b271-98e94805bce1&#8243; text_text_color=&#8221;#FFFFFF&#8221; text_orientation=&#8221;center&#8221; custom_margin=&#8221;||10px||false|false&#8221; global_colors_info=&#8221;{}&#8221;]<\/p>\n<p>H\u00e9tk\u00f6znap  9:00 - 18:30<\/p>\n<p>[\/et_pb_text][et_pb_text _builder_version=&#8221;4.24.3&#8243; _module_preset=&#8221;27df5ced-fe15-4cc8-b271-98e94805bce1&#8243; text_text_color=&#8221;#FFFFFF&#8221; text_orientation=&#8221;center&#8221; custom_margin=&#8221;||10px||false|false&#8221; global_colors_info=&#8221;{}&#8221;]<\/p>\n<p>Szo 8:00 - 11:30<\/p>\n<p>[\/et_pb_text][\/et_pb_column][et_pb_column type=&#8221;1_3&#8243; _builder_version=&#8221;4.20.0&#8243; _module_preset=&#8221;default&#8221; global_colors_info=&#8221;{}&#8221;][et_pb_image src=&#8221;https:\/\/safehands.hu\/wp-content\/uploads\/2024\/04\/cropped-Logo-maker-project.png&#8221; title_text=&#8221;cropped-Logo-maker-project.png&#8221; align=&#8221;center&#8221; _builder_version=&#8221;4.24.3&#8243; _module_preset=&#8221;default&#8221; max_height=&#8221;80px&#8221; box_shadow_style=&#8221;preset1&#8243; box_shadow_color=&#8221;gcid-2f3f3e09-0a26-4ea7-8906-5e1128945e3f&#8221; global_colors_info=&#8221;{%22gcid-2f3f3e09-0a26-4ea7-8906-5e1128945e3f%22:%91%22box_shadow_color%22%93}&#8221;][\/et_pb_image][et_pb_text _builder_version=&#8221;4.24.3&#8243; _module_preset=&#8221;f1eab74f-d838-4337-b91b-41f6ef03e3ca&#8221; header_4_text_color=&#8221;#FFFFFF&#8221; text_orientation=&#8221;center&#8221; global_colors_info=&#8221;{}&#8221;]<\/p>\n<h4>property management budapest<\/h4>\n<p>[\/et_pb_text][\/et_pb_column][et_pb_column type=&#8221;1_3&#8243; _builder_version=&#8221;4.20.0&#8243; _module_preset=&#8221;default&#8221; global_colors_info=&#8221;{}&#8221;][et_pb_text _builder_version=&#8221;4.20.0&#8243; _module_preset=&#8221;f1eab74f-d838-4337-b91b-41f6ef03e3ca&#8221; text_orientation=&#8221;center&#8221; locked=&#8221;off&#8221; global_colors_info=&#8221;{%22gcid-11d3dbbb-f6dc-4fb8-929b-9d6994368d00%22:%91%22header_4_text_color%22%93}&#8221;]<\/p>\n<h4>Kapcsolat<\/h4>\n<p>[\/et_pb_text][et_pb_text _builder_version=&#8221;4.20.0&#8243; _module_preset=&#8221;27df5ced-fe15-4cc8-b271-98e94805bce1&#8243; text_text_color=&#8221;#FFFFFF&#8221; link_text_color=&#8221;#FFFFFF&#8221; text_orientation=&#8221;center&#8221; locked=&#8221;off&#8221; global_colors_info=&#8221;{}&#8221;]<\/p>\n<p>H 1162 Budapest<\/p>\n<p>[\/et_pb_text][et_pb_text _builder_version=&#8221;4.24.2&#8243; _module_preset=&#8221;27df5ced-fe15-4cc8-b271-98e94805bce1&#8243; text_text_color=&#8221;#FFFFFF&#8221; link_text_color=&#8221;#FFFFFF&#8221; text_orientation=&#8221;center&#8221; custom_margin=&#8221;||10px||false|false&#8221; locked=&#8221;off&#8221; global_colors_info=&#8221;{}&#8221;]<\/p>\n<p>+36303317169<\/p>\n<p>[\/et_pb_text][et_pb_text _builder_version=&#8221;4.24.3&#8243; _module_preset=&#8221;27df5ced-fe15-4cc8-b271-98e94805bce1&#8243; text_text_color=&#8221;#FFFFFF&#8221; link_text_color=&#8221;#FFFFFF&#8221; text_orientation=&#8221;center&#8221; custom_margin=&#8221;||10px||false|false&#8221; locked=&#8221;off&#8221; global_colors_info=&#8221;{}&#8221;]<a href=\"mailto:info@safehands.hu\">info@safehands.hu<\/a>[\/et_pb_text][\/et_pb_column][\/et_pb_row][et_pb_row _builder_version=&#8221;4.20.0&#8243; _module_preset=&#8221;default&#8221; custom_padding=&#8221;0px||0px||true|&#8221; global_colors_info=&#8221;{}&#8221;][et_pb_column type=&#8221;4_4&#8243; _builder_version=&#8221;4.20.0&#8243; _module_preset=&#8221;default&#8221; global_colors_info=&#8221;{}&#8221;][et_pb_social_media_follow icon_color=&#8221;#000000&#8243; _builder_version=&#8221;4.25.1&#8243; _module_preset=&#8221;default&#8221; text_orientation=&#8221;center&#8221; custom_margin=&#8221;||||false|false&#8221; hover_enabled=&#8221;0&#8243; border_radii=&#8221;on|100px|100px|100px|100px&#8221; locked=&#8221;off&#8221; global_colors_info=&#8221;{}&#8221; sticky_enabled=&#8221;0&#8243;][et_pb_social_media_follow_network social_network=&#8221;facebook&#8221; _builder_version=&#8221;4.25.1&#8243; _module_preset=&#8221;default&#8221; background_color=&#8221;gcid-11d3dbbb-f6dc-4fb8-929b-9d6994368d00&#8243; background_enable_color=&#8221;on&#8221; custom_padding=&#8221;8px|8px|8px|8px|true|true&#8221; hover_enabled=&#8221;0&#8243; global_colors_info=&#8221;{%22gcid-11d3dbbb-f6dc-4fb8-929b-9d6994368d00%22:%91%22background_color%22%93}&#8221; follow_button=&#8221;off&#8221; url_new_window=&#8221;on&#8221; url=&#8221;https:\/\/www.facebook.com\/profile.php?id=61568377450203&#8243; sticky_enabled=&#8221;0&#8243;]facebook[\/et_pb_social_media_follow_network][et_pb_social_media_follow_network social_network=&#8221;linkedin&#8221; url=&#8221;https:\/\/linkedin.com\/company\/safehands-property&#8221; _builder_version=&#8221;4.25.1&#8243; _module_preset=&#8221;default&#8221; background_color=&#8221;#007bb6&#8243; background_enable_color=&#8221;on&#8221; custom_padding=&#8221;8px|8px|8px|8px|true|true&#8221; hover_enabled=&#8221;0&#8243; global_colors_info=&#8221;{%22gcid-11d3dbbb-f6dc-4fb8-929b-9d6994368d00%22:%91%22background_color%22%93}&#8221; follow_button=&#8221;off&#8221; url_new_window=&#8221;on&#8221; sticky_enabled=&#8221;0&#8243;]linkedin[\/et_pb_social_media_follow_network][et_pb_social_media_follow_network social_network=&#8221;instagram&#8221; _builder_version=&#8221;4.20.0&#8243; _module_preset=&#8221;default&#8221; background_color=&#8221;gcid-11d3dbbb-f6dc-4fb8-929b-9d6994368d00&#8243; background_enable_color=&#8221;on&#8221; custom_padding=&#8221;8px|8px|8px|8px|true|true&#8221; global_colors_info=&#8221;{%22gcid-11d3dbbb-f6dc-4fb8-929b-9d6994368d00%22:%91%22background_color%22%93}&#8221; follow_button=&#8221;off&#8221; url_new_window=&#8221;on&#8221;]instagram[\/et_pb_social_media_follow_network][\/et_pb_social_media_follow][et_pb_divider color=&#8221;gcid-11d3dbbb-f6dc-4fb8-929b-9d6994368d00&#8243; _builder_version=&#8221;4.20.0&#8243; _module_preset=&#8221;default&#8221; custom_margin=&#8221;||0px||false|false&#8221; global_colors_info=&#8221;{%22gcid-11d3dbbb-f6dc-4fb8-929b-9d6994368d00%22:%91%22color%22%93}&#8221;][\/et_pb_divider][et_pb_text _builder_version=&#8221;4.20.0&#8243; _dynamic_attributes=&#8221;content&#8221; _module_preset=&#8221;d59d9ec1-4c03-47a8-83bb-919df79e1303&#8243; text_text_color=&#8221;#FFFFFF&#8221; text_orientation=&#8221;center&#8221; locked=&#8221;off&#8221; global_colors_info=&#8221;{}&#8221;]@ET-DC@eyJkeW5hbWljIjp0cnVlLCJjb250ZW50IjoiY3VycmVudF9kYXRlIiwic2V0dGluZ3MiOnsiYmVmb3JlIjoiQ29weXJpZ2h0ICZjb3B5OyAiLCJhZnRlciI6IiBEaXZpLiBBbGwgUmlnaHRzIFJlc2VydmVkLiIsImRhdGVfZm9ybWF0IjoiY3VzdG9tIiwiY3VzdG9tX2RhdGVfZm9ybWF0IjoiWSJ9fQ==@[\/et_pb_text][\/et_pb_column][\/et_pb_row][\/et_pb_section]<\/p>","protected":false},"excerpt":{"rendered":"<p>ServicesProperty ManagementManagementSafe Hands Property Management offers hands-on property management services. Regardless of the size, you can trust us to manage your property. We do the heavy lifting for you whilst keeping you updated at all times. Whether you are looking for us to manage one property, or your entire portfolio, please contact us to discuss [&hellip;]<\/p>","protected":false},"author":1,"featured_media":0,"parent":0,"menu_order":0,"comment_status":"closed","ping_status":"closed","template":"","meta":{"_et_pb_use_builder":"on","_et_pb_old_content":"","_et_gb_content_width":"","footnotes":""},"class_list":["post-100","page","type-page","status-publish","hentry"],"yoast_head":"<!-- This site is optimized with the Yoast SEO Premium plugin v26.2 (Yoast SEO v26.9) - https:\/\/yoast.com\/product\/yoast-seo-premium-wordpress\/ -->\n<title>Property Management - Safe Hands<\/title>\n<meta name=\"description\" content=\"Safe Hands Property Management offers hands-on property management services. Regardless of the size, you can trust us to manage your property.\" \/>\n<meta name=\"robots\" content=\"index, follow, max-snippet:-1, max-image-preview:large, max-video-preview:-1\" \/>\n<link rel=\"canonical\" href=\"https:\/\/safehands.hu\/hu\/property-management\/\" \/>\n<meta property=\"og:locale\" content=\"hu_HU\" \/>\n<meta property=\"og:type\" content=\"article\" \/>\n<meta property=\"og:title\" content=\"Property Management\" \/>\n<meta property=\"og:description\" content=\"Safe Hands Property Management offers hands-on property management services. Regardless of the size, you can trust us to manage your property.\" \/>\n<meta property=\"og:url\" content=\"https:\/\/safehands.hu\/hu\/property-management\/\" \/>\n<meta property=\"og:site_name\" content=\"Property Management Budapest\" \/>\n<meta property=\"article:modified_time\" content=\"2024-11-12T13:00:54+00:00\" \/>\n<meta name=\"twitter:card\" content=\"summary_large_image\" \/>\n<meta name=\"twitter:label1\" content=\"Becs\u00fclt olvas\u00e1si id\u0151\" \/>\n\t<meta name=\"twitter:data1\" content=\"4 perc\" \/>\n<script type=\"application\/ld+json\" class=\"yoast-schema-graph\">{\"@context\":\"https:\/\/schema.org\",\"@graph\":[{\"@type\":\"WebPage\",\"@id\":\"https:\/\/safehands.hu\/property-management\/\",\"url\":\"https:\/\/safehands.hu\/property-management\/\",\"name\":\"Property Management - Safe Hands\",\"isPartOf\":{\"@id\":\"https:\/\/safehands.hu\/#website\"},\"datePublished\":\"2024-03-13T18:38:54+00:00\",\"dateModified\":\"2024-11-12T13:00:54+00:00\",\"description\":\"Safe Hands Property Management offers hands-on property management services. Regardless of the size, you can trust us to manage your property.\",\"breadcrumb\":{\"@id\":\"https:\/\/safehands.hu\/property-management\/#breadcrumb\"},\"inLanguage\":\"hu\",\"potentialAction\":[{\"@type\":\"ReadAction\",\"target\":[\"https:\/\/safehands.hu\/property-management\/\"]}]},{\"@type\":\"BreadcrumbList\",\"@id\":\"https:\/\/safehands.hu\/property-management\/#breadcrumb\",\"itemListElement\":[{\"@type\":\"ListItem\",\"position\":1,\"name\":\"Home\",\"item\":\"https:\/\/safehands.hu\/\"},{\"@type\":\"ListItem\",\"position\":2,\"name\":\"Property Management\"}]},{\"@type\":\"WebSite\",\"@id\":\"https:\/\/safehands.hu\/#website\",\"url\":\"https:\/\/safehands.hu\/\",\"name\":\"Property Management Budapest\",\"description\":\"Property and Portfolio Management Budapest\",\"potentialAction\":[{\"@type\":\"SearchAction\",\"target\":{\"@type\":\"EntryPoint\",\"urlTemplate\":\"https:\/\/safehands.hu\/?s={search_term_string}\"},\"query-input\":{\"@type\":\"PropertyValueSpecification\",\"valueRequired\":true,\"valueName\":\"search_term_string\"}}],\"inLanguage\":\"hu\"}]}<\/script>\n<!-- \/ Yoast SEO Premium plugin. -->","yoast_head_json":{"title":"Property Management - Safe Hands","description":"Safe Hands Property Management offers hands-on property management services. Regardless of the size, you can trust us to manage your property.","robots":{"index":"index","follow":"follow","max-snippet":"max-snippet:-1","max-image-preview":"max-image-preview:large","max-video-preview":"max-video-preview:-1"},"canonical":"https:\/\/safehands.hu\/hu\/property-management\/","og_locale":"hu_HU","og_type":"article","og_title":"Property Management","og_description":"Safe Hands Property Management offers hands-on property management services. Regardless of the size, you can trust us to manage your property.","og_url":"https:\/\/safehands.hu\/hu\/property-management\/","og_site_name":"Property Management Budapest","article_modified_time":"2024-11-12T13:00:54+00:00","twitter_card":"summary_large_image","twitter_misc":{"Becs\u00fclt olvas\u00e1si id\u0151":"4 perc"},"schema":{"@context":"https:\/\/schema.org","@graph":[{"@type":"WebPage","@id":"https:\/\/safehands.hu\/property-management\/","url":"https:\/\/safehands.hu\/property-management\/","name":"Property Management - Safe Hands","isPartOf":{"@id":"https:\/\/safehands.hu\/#website"},"datePublished":"2024-03-13T18:38:54+00:00","dateModified":"2024-11-12T13:00:54+00:00","description":"Safe Hands Property Management offers hands-on property management services. Regardless of the size, you can trust us to manage your property.","breadcrumb":{"@id":"https:\/\/safehands.hu\/property-management\/#breadcrumb"},"inLanguage":"hu","potentialAction":[{"@type":"ReadAction","target":["https:\/\/safehands.hu\/property-management\/"]}]},{"@type":"BreadcrumbList","@id":"https:\/\/safehands.hu\/property-management\/#breadcrumb","itemListElement":[{"@type":"ListItem","position":1,"name":"Home","item":"https:\/\/safehands.hu\/"},{"@type":"ListItem","position":2,"name":"Property Management"}]},{"@type":"WebSite","@id":"https:\/\/safehands.hu\/#website","url":"https:\/\/safehands.hu\/","name":"Property Management Budapest","description":"Property and Portfolio Management Budapest","potentialAction":[{"@type":"SearchAction","target":{"@type":"EntryPoint","urlTemplate":"https:\/\/safehands.hu\/?s={search_term_string}"},"query-input":{"@type":"PropertyValueSpecification","valueRequired":true,"valueName":"search_term_string"}}],"inLanguage":"hu"}]}},"_links":{"self":[{"href":"https:\/\/safehands.hu\/hu\/wp-json\/wp\/v2\/pages\/100","targetHints":{"allow":["GET"]}}],"collection":[{"href":"https:\/\/safehands.hu\/hu\/wp-json\/wp\/v2\/pages"}],"about":[{"href":"https:\/\/safehands.hu\/hu\/wp-json\/wp\/v2\/types\/page"}],"author":[{"embeddable":true,"href":"https:\/\/safehands.hu\/hu\/wp-json\/wp\/v2\/users\/1"}],"replies":[{"embeddable":true,"href":"https:\/\/safehands.hu\/hu\/wp-json\/wp\/v2\/comments?post=100"}],"version-history":[{"count":26,"href":"https:\/\/safehands.hu\/hu\/wp-json\/wp\/v2\/pages\/100\/revisions"}],"predecessor-version":[{"id":750,"href":"https:\/\/safehands.hu\/hu\/wp-json\/wp\/v2\/pages\/100\/revisions\/750"}],"wp:attachment":[{"href":"https:\/\/safehands.hu\/hu\/wp-json\/wp\/v2\/media?parent=100"}],"curies":[{"name":"wp","href":"https:\/\/api.w.org\/{rel}","templated":true}]}}